{"id":61,"date":"2011-01-13T12:41:43","date_gmt":"2011-01-13T12:41:43","guid":{"rendered":"http:\/\/agebarrancos.pt\/?page_id=61"},"modified":"2025-10-07T16:42:29","modified_gmt":"2025-10-07T15:42:29","slug":"conselho-administrativo","status":"publish","type":"page","link":"https:\/\/staging.agebarrancos.pt\/?page_id=61","title":{"rendered":"Conselho Administrativo"},"content":{"rendered":"<p><strong>Diretor do Agrupamento de Escolas<\/strong><\/p>\n<p>Francisco Jos\u00e9 Gabriel Nunes Bossa<\/p>\n<p><span style=\"color: #000000;\"><strong>Adjunto do Agrupamento de Escolas<\/strong><\/span><\/p>\n<p>Bento Manuel Guerra Caldeira<\/p>\n<p><span style=\"color: #000000;\"><strong>Chefe dos Servi\u00e7os Administrativos<\/strong><\/span><\/p>\n<p><span style=\"color: #000000;\">Maria de F\u00e1tima Escoval Pulido Vasquez Tur\u00edbio<\/span><\/p>\n","protected":false},"excerpt":{"rendered":"<p>Diretor do Agrupamento de Escolas Francisco Jos\u00e9 Gabriel Nunes Bossa Adjunto do Agrupamento de Escolas Bento Manuel Guerra Caldeira Chefe dos Servi\u00e7os Administrativos Maria de F\u00e1tima Escoval Pulido Vasquez Tur\u00edbio<\/p>\n","protected":false},"author":1,"featured_media":0,"parent":8,"menu_order":0,"comment_status":"closed","ping_status":"closed","template":"","meta":{"footnotes":""},"class_list":["post-61","page","type-page","status-publish","hentry"],"_links":{"self":[{"href":"https:\/\/staging.agebarrancos.pt\/index.php?rest_route=\/wp\/v2\/pages\/61","targetHints":{"allow":["GET"]}}],"collection":[{"href":"https:\/\/staging.agebarrancos.pt\/index.php?rest_route=\/wp\/v2\/pages"}],"about":[{"href":"https:\/\/staging.agebarrancos.pt\/index.php?rest_route=\/wp\/v2\/types\/page"}],"author":[{"embeddable":true,"href":"https:\/\/staging.agebarrancos.pt\/index.php?rest_route=\/wp\/v2\/users\/1"}],"replies":[{"embeddable":true,"href":"https:\/\/staging.agebarrancos.pt\/index.php?rest_route=%2Fwp%2Fv2%2Fcomments&post=61"}],"version-history":[{"count":23,"href":"https:\/\/staging.agebarrancos.pt\/index.php?rest_route=\/wp\/v2\/pages\/61\/revisions"}],"predecessor-version":[{"id":9346,"href":"https:\/\/staging.agebarrancos.pt\/index.php?rest_route=\/wp\/v2\/pages\/61\/revisions\/9346"}],"up":[{"embeddable":true,"href":"https:\/\/staging.agebarrancos.pt\/index.php?rest_route=\/wp\/v2\/pages\/8"}],"wp:attachment":[{"href":"https:\/\/staging.agebarrancos.pt\/index.php?rest_route=%2Fwp%2Fv2%2Fmedia&parent=61"}],"curies":[{"name":"wp","href":"https:\/\/api.w.org\/{rel}","templated":true}]}}