{"id":57,"date":"2011-01-13T12:38:53","date_gmt":"2011-01-13T12:38:53","guid":{"rendered":"http:\/\/agebarrancos.pt\/?page_id=57"},"modified":"2018-01-05T11:31:03","modified_gmt":"2018-01-05T11:31:03","slug":"localizacao","status":"publish","type":"page","link":"https:\/\/staging.agebarrancos.pt\/?page_id=57","title":{"rendered":"Localiza\u00e7\u00e3o"},"content":{"rendered":"<p>Com uma \u00e1rea de 168 Km<sup>2<\/sup> e uma popula\u00e7\u00e3o de 1834 habitantes (Censos 2011) concentrada na vila que lhe d\u00e1 nome, o Concelho de Barrancos est\u00e1 situado no Distrito de Beja.<\/p>\n<p>As suas fronteiras s\u00e3o delimitadas a Sul e Oeste pelo concelho de Moura; a Norte pelo concelho de Mour\u00e3o e pela prov\u00edncia espanhola da Estremadura; a Este pela prov\u00edncia espanhola da Andaluzia.<\/p>\n<p>A vila de Barrancos, \u00fanica localidade do concelho dista 21 quil\u00f3metros de Santo Aleixo da Restaura\u00e7\u00e3o, a povoa\u00e7\u00e3o portuguesa mais pr\u00f3xima. Amareleja e Safara, est\u00e3o a aproximadamente 26 quil\u00f3metros, Moura a 50 e a sede de distrito, Beja, a cerca de 110 quil\u00f3metros.<\/p>\n<p>Atravessando a fronteira, a povoa\u00e7\u00e3o Espanhola mais pr\u00f3xima, Ensinasola, est\u00e1 a 9 Km. Oliva de la Frontera a 29 Km, Fregenal de la Sierra a 32 Km e Zafra a 72 Km, s\u00e3o algumas das localidades espanholas cuja rela\u00e7\u00e3o com a popula\u00e7\u00e3o de Barrancos \u00e9 intensa.<\/p>\n<p>O Agrupamento de Escolas de Barrancos, tendo como \u00e1rea de interven\u00e7\u00e3o exlusivamente o territ\u00f3rio do Munic\u00edpio, situa-se na <a href=\"http:\/\/maps.google.com\/maps?f=q&amp;source=embed&amp;hl=en&amp;q=escola+de&amp;aq=&amp;sll=38.134278,-6.979076&amp;sspn=0.004743,0.009645&amp;ie=UTF8&amp;t=h&amp;rq=1&amp;ev=zo&amp;split=1&amp;radius=0.31&amp;hq=escola+de&amp;hnear=&amp;ll=38.132717,-6.978357&amp;spn=0.002954,0.00456&amp;z=17\">Rua de Angola<\/a>.<\/p>\n","protected":false},"excerpt":{"rendered":"<p>Com uma \u00e1rea de 168 Km2 e uma popula\u00e7\u00e3o de 1834 habitantes (Censos 2011) concentrada na vila que lhe d\u00e1 nome, o Concelho de Barrancos est\u00e1 situado no Distrito de Beja. As suas fronteiras s\u00e3o delimitadas a Sul e Oeste pelo concelho de Moura; a&hellip;<\/p>\n","protected":false},"author":1,"featured_media":0,"parent":6,"menu_order":0,"comment_status":"open","ping_status":"open","template":"","meta":{"footnotes":""},"class_list":["post-57","page","type-page","status-publish","hentry"],"_links":{"self":[{"href":"https:\/\/staging.agebarrancos.pt\/index.php?rest_route=\/wp\/v2\/pages\/57","targetHints":{"allow":["GET"]}}],"collection":[{"href":"https:\/\/staging.agebarrancos.pt\/index.php?rest_route=\/wp\/v2\/pages"}],"about":[{"href":"https:\/\/staging.agebarrancos.pt\/index.php?rest_route=\/wp\/v2\/types\/page"}],"author":[{"embeddable":true,"href":"https:\/\/staging.agebarrancos.pt\/index.php?rest_route=\/wp\/v2\/users\/1"}],"replies":[{"embeddable":true,"href":"https:\/\/staging.agebarrancos.pt\/index.php?rest_route=%2Fwp%2Fv2%2Fcomments&post=57"}],"version-history":[{"count":22,"href":"https:\/\/staging.agebarrancos.pt\/index.php?rest_route=\/wp\/v2\/pages\/57\/revisions"}],"predecessor-version":[{"id":4955,"href":"https:\/\/staging.agebarrancos.pt\/index.php?rest_route=\/wp\/v2\/pages\/57\/revisions\/4955"}],"up":[{"embeddable":true,"href":"https:\/\/staging.agebarrancos.pt\/index.php?rest_route=\/wp\/v2\/pages\/6"}],"wp:attachment":[{"href":"https:\/\/staging.agebarrancos.pt\/index.php?rest_route=%2Fwp%2Fv2%2Fmedia&parent=57"}],"curies":[{"name":"wp","href":"https:\/\/api.w.org\/{rel}","templated":true}]}}