{"id":253,"date":"2011-02-16T17:18:25","date_gmt":"2011-02-16T17:18:25","guid":{"rendered":"http:\/\/agebarrancos.pt\/?page_id=253"},"modified":"2025-10-06T17:00:15","modified_gmt":"2025-10-06T16:00:15","slug":"educacao-especial","status":"publish","type":"page","link":"https:\/\/staging.agebarrancos.pt\/?page_id=253","title":{"rendered":"Educa\u00e7\u00e3o Especial"},"content":{"rendered":"<p>&nbsp;<\/p>\n<p>&nbsp;<\/p>\n<p><a href=\"https:\/\/staging.agebarrancos.pt\/wp-content\/uploads\/2011\/02\/Panfleto-EMAEI-2025_2026.pdf\">Panfleto EMAEI 2025_2026<\/a><\/p>\n<p><iframe src=\"http:\/\/www.youtube.com\/embed\/vmVLmZRRwH8\" width=\"420\" height=\"345\" frameborder=\"0\" allowfullscreen=\"allowfullscreen\"><\/iframe><\/p>\n<p>&nbsp;<\/p>\n<p><center><iframe src=\"http:\/\/www.youtube.com\/embed\/hRrbdz7hW04\" width=\"420\" height=\"345\" frameborder=\"0\" allowfullscreen=\"allowfullscreen\"><\/iframe><\/center>&nbsp;<\/p>\n<p>O Agrupamento de Escolas de Barrancos desenvolve parcerias com v\u00e1rias institui\u00e7\u00f5es e centros especializados, nomeadamente, C\u00e2mara Municipal de Barrancos, Centro de Sa\u00fade de Barrancos e Associa\u00e7\u00e3o Portuguesa de Pais e Amigos das Crian\u00e7as Diminu\u00eddas Mentais visando, entre outros fins, a execu\u00e7\u00e3o de actividades de enriquecimento curricular, assim como, a avalia\u00e7\u00e3o e acompanhamento de t\u00e9cnicos especializados (psic\u00f3logo, terapeuta da fala e fisioterapeuta).<\/p>\n<p>&nbsp;<\/p>\n<p><center><a href=\"https:\/\/docs.google.com\/viewer?a=v&amp;pid=explorer&amp;chrome=true&amp;srcid=0BxesX63yZmKtYjMyMDllZDEtNmNlOC00YTU5LWJhODMtMzkwMGNhODNhYTk0&amp;hl=en_US\">Ensino Especial &#8211; Manual de Apoio \u00e0 pr\u00e1tica<\/a><\/center><\/p>\n","protected":false},"excerpt":{"rendered":"<p>&nbsp; &nbsp; Panfleto EMAEI 2025_2026 &nbsp; &nbsp; O Agrupamento de Escolas de Barrancos desenvolve parcerias com v\u00e1rias institui\u00e7\u00f5es e centros especializados, nomeadamente, C\u00e2mara Municipal de Barrancos, Centro de Sa\u00fade de Barrancos e Associa\u00e7\u00e3o Portuguesa de Pais e Amigos das Crian\u00e7as Diminu\u00eddas Mentais visando, entre outros&hellip;<\/p>\n","protected":false},"author":1,"featured_media":0,"parent":31,"menu_order":0,"comment_status":"open","ping_status":"open","template":"","meta":{"footnotes":""},"class_list":["post-253","page","type-page","status-publish","hentry"],"_links":{"self":[{"href":"https:\/\/staging.agebarrancos.pt\/index.php?rest_route=\/wp\/v2\/pages\/253","targetHints":{"allow":["GET"]}}],"collection":[{"href":"https:\/\/staging.agebarrancos.pt\/index.php?rest_route=\/wp\/v2\/pages"}],"about":[{"href":"https:\/\/staging.agebarrancos.pt\/index.php?rest_route=\/wp\/v2\/types\/page"}],"author":[{"embeddable":true,"href":"https:\/\/staging.agebarrancos.pt\/index.php?rest_route=\/wp\/v2\/users\/1"}],"replies":[{"embeddable":true,"href":"https:\/\/staging.agebarrancos.pt\/index.php?rest_route=%2Fwp%2Fv2%2Fcomments&post=253"}],"version-history":[{"count":24,"href":"https:\/\/staging.agebarrancos.pt\/index.php?rest_route=\/wp\/v2\/pages\/253\/revisions"}],"predecessor-version":[{"id":8639,"href":"https:\/\/staging.agebarrancos.pt\/index.php?rest_route=\/wp\/v2\/pages\/253\/revisions\/8639"}],"up":[{"embeddable":true,"href":"https:\/\/staging.agebarrancos.pt\/index.php?rest_route=\/wp\/v2\/pages\/31"}],"wp:attachment":[{"href":"https:\/\/staging.agebarrancos.pt\/index.php?rest_route=%2Fwp%2Fv2%2Fmedia&parent=253"}],"curies":[{"name":"wp","href":"https:\/\/api.w.org\/{rel}","templated":true}]}}