{"id":14,"date":"2011-01-13T10:47:37","date_gmt":"2011-01-13T10:47:37","guid":{"rendered":"http:\/\/agebarrancos.pt\/?page_id=14"},"modified":"2018-06-19T12:08:07","modified_gmt":"2018-06-19T11:08:07","slug":"escolas","status":"publish","type":"page","link":"https:\/\/staging.agebarrancos.pt\/?page_id=14","title":{"rendered":"Escolas"},"content":{"rendered":"<p style=\"text-align: justify;\">O Agrupamento de Escolas de Barrancos \u00e9 um estabelecimento de ensino situado na Rua de Angola, em Barrancos, actualmente constitu\u00eddo pelo Jardim-de-Inf\u00e2ncia e pela Escola B\u00e1sica Integrada, tendo como \u00e1rea de interven\u00e7\u00e3o exclusivamente o territ\u00f3rio do Munic\u00edpio de Barrancos.<\/p>\n<p style=\"text-align: justify;\">O atual Agrupamento, criado em Novembro de 1998, teve a sua origem na Escola C+S de Barrancos, fundada em 01\/09\/1987 e inaugurada na atual sede no dia 06\/02\/1988, que agrupou posteriormente as escolas prim\u00e1rias n\u00fameros 1 e 2, hoje extintas.<\/p>\n<p style=\"text-align: justify;\">No Agrupamento asseguram-se todos os n\u00edveis de educa\u00e7\u00e3o e ensino dispon\u00edveis no munic\u00edpio: Educa\u00e7\u00e3o Pr\u00e9-Escolar e todos os ciclos do Ensino B\u00e1sico. O Jardim-de-Inf\u00e2ncia de Barrancos, organicamente dependente da EBI, funciona num edif\u00edcio aut\u00f3nomo, confinante com a sede do agrupamento.<\/p>\n<p style=\"text-align: justify;\">O Agrupamento de Escolas de Barrancos disponibiliza os seguintes meios f\u00edsicos e materiais \u00e0 comunidade educativa:<\/p>\n<p style=\"text-align: justify;\">\u00b7 Edif\u00edcio Sede &#8211; que corresponde a um projecto arquitect\u00f3nico bem integrado na zona, dotado de ilumina\u00e7\u00e3o e ventila\u00e7\u00e3o naturais, amplos espa\u00e7os exteriores equipado satisfatoriamente com material did\u00e1ctico e audiovisual e onde est\u00e3o as turmas de 1.\u00ba, 2.\u00ba e 3.\u00ba ciclos.<\/p>\n<p style=\"text-align: justify;\">\u00b7 N\u00facleo Escolar \u2013 Espa\u00e7o recentemente remodelado, pertencente \u00e0 Autarquia, Edif\u00edcio novo, cont\u00edguo ao edif\u00edcio sede e onde funcionam tr\u00eas turmas do Pr\u00e9-escolar, disp\u00f5e de 4 salas de aulas, 2 gabinetes e instala\u00e7\u00f5es sanit\u00e1rias para funcion\u00e1rios e alunos.<\/p>\n","protected":false},"excerpt":{"rendered":"<p>O Agrupamento de Escolas de Barrancos \u00e9 um estabelecimento de ensino situado na Rua de Angola, em Barrancos, actualmente constitu\u00eddo pelo Jardim-de-Inf\u00e2ncia e pela Escola B\u00e1sica Integrada, tendo como \u00e1rea de interven\u00e7\u00e3o exclusivamente o territ\u00f3rio do Munic\u00edpio de Barrancos. O atual Agrupamento, criado em Novembro&hellip;<\/p>\n","protected":false},"author":1,"featured_media":0,"parent":6,"menu_order":0,"comment_status":"open","ping_status":"open","template":"","meta":{"footnotes":""},"class_list":["post-14","page","type-page","status-publish","hentry"],"_links":{"self":[{"href":"https:\/\/staging.agebarrancos.pt\/index.php?rest_route=\/wp\/v2\/pages\/14","targetHints":{"allow":["GET"]}}],"collection":[{"href":"https:\/\/staging.agebarrancos.pt\/index.php?rest_route=\/wp\/v2\/pages"}],"about":[{"href":"https:\/\/staging.agebarrancos.pt\/index.php?rest_route=\/wp\/v2\/types\/page"}],"author":[{"embeddable":true,"href":"https:\/\/staging.agebarrancos.pt\/index.php?rest_route=\/wp\/v2\/users\/1"}],"replies":[{"embeddable":true,"href":"https:\/\/staging.agebarrancos.pt\/index.php?rest_route=%2Fwp%2Fv2%2Fcomments&post=14"}],"version-history":[{"count":12,"href":"https:\/\/staging.agebarrancos.pt\/index.php?rest_route=\/wp\/v2\/pages\/14\/revisions"}],"predecessor-version":[{"id":5100,"href":"https:\/\/staging.agebarrancos.pt\/index.php?rest_route=\/wp\/v2\/pages\/14\/revisions\/5100"}],"up":[{"embeddable":true,"href":"https:\/\/staging.agebarrancos.pt\/index.php?rest_route=\/wp\/v2\/pages\/6"}],"wp:attachment":[{"href":"https:\/\/staging.agebarrancos.pt\/index.php?rest_route=%2Fwp%2Fv2%2Fmedia&parent=14"}],"curies":[{"name":"wp","href":"https:\/\/api.w.org\/{rel}","templated":true}]}}